{"id":72,"date":"2020-05-21T16:30:10","date_gmt":"2020-05-21T16:30:10","guid":{"rendered":"http:\/\/constellation-berlin-gmbh.com\/?page_id=72"},"modified":"2022-01-23T18:28:11","modified_gmt":"2022-01-23T18:28:11","slug":"dienstleistungen","status":"publish","type":"page","link":"https:\/\/constellation-berlin-gmbh.com\/?page_id=72","title":{"rendered":"Dienstleistungen"},"content":{"rendered":"<div data-colibri-id=\"72-c1\" class=\"style-427 style-local-72-c1 position-relative\">\n  <!---->\n  <div data-colibri-component=\"section\" data-colibri-id=\"72-c2\" id=\"custom\" class=\"h-section h-section-global-spacing d-flex align-items-lg-center align-items-md-center align-items-center style-428 style-local-72-c2 position-relative\">\n    <!---->\n    <!---->\n    <div class=\"h-section-grid-container h-section-boxed-container\">\n      <!---->\n      <div data-colibri-id=\"72-c3\" class=\"h-row-container gutters-row-lg-2 gutters-row-md-2 gutters-row-0 gutters-row-v-lg-2 gutters-row-v-md-2 gutters-row-v-2 style-429 style-local-72-c3 position-relative\">\n        <!---->\n        <div class=\"h-row justify-content-lg-center justify-content-md-center justify-content-center align-items-lg-stretch align-items-md-stretch align-items-stretch gutters-col-lg-2 gutters-col-md-2 gutters-col-0 gutters-col-v-lg-2 gutters-col-v-md-2 gutters-col-v-2\">\n          <!---->\n          <div class=\"h-column h-column-container d-flex h-col-lg-auto h-col-md-auto h-col-auto style-430-outer style-local-72-c4-outer\">\n            <div data-colibri-id=\"72-c4\" class=\"d-flex h-flex-basis h-column__inner h-px-lg-2 h-px-md-2 h-px-2 v-inner-lg-2 v-inner-md-2 v-inner-2 style-430 style-local-72-c4 position-relative\">\n              <!---->\n              <!---->\n              <div class=\"w-100 h-y-container h-column__content h-column__v-align flex-basis-100 align-self-lg-start align-self-md-start align-self-start\">\n                <!---->\n                <div data-colibri-id=\"72-c5\" class=\"h-global-transition-all h-heading style-433 style-local-72-c5 position-relative h-element\">\n                  <!---->\n                  <div class=\"h-heading__outer style-433 style-local-72-c5\">\n                    <!---->\n                    <!---->\n                    <h4 class=\"\">Beratung beim Kauf von Immobilien<\/h4>\n                  <\/div>\n                <\/div>\n                <div data-colibri-id=\"72-c6\" class=\"h-text h-text-component style-432 style-local-72-c6 position-relative h-element\">\n                  <!---->\n                  <!---->\n                  <div class=\"\">\n                    <p>Feuchte W\u00e4nde, maroder Dachstuhl, mangelhafte W\u00e4rmed\u00e4mmung und fehlerhafte Abdichtungen sind manchmal schwer zu erkennen.<\/p>\n                    <p>Wer eine gebrauchte Immobilie kauft, kauft immer das Risiko der Bausch\u00e4den mit.<\/p>\n                  <\/div>\n                <\/div>\n                <div data-colibri-id=\"72-c7\" class=\"d-block style-449 style-local-72-c7 position-relative h-element\">\n                  <!---->\n                  <div class=\"h-image__frame-container-outer\">\n                    <div class=\"h-image__frame-container\">\n                      <!---->\n                      <!---->\n                      <img loading=\"lazy\" width=\"4608\" height=\"3072\" src=\"http:\/\/constellation-berlin-gmbh.com\/wp-content\/uploads\/2020\/05\/schl\u00fcssel.jpg\" class=\"wp-image-470 style-449-image style-local-72-c7-image\" srcset=\"https:\/\/constellation-berlin-gmbh.com\/wp-content\/uploads\/2020\/05\/schl\u00fcssel.jpg 4608w, https:\/\/constellation-berlin-gmbh.com\/wp-content\/uploads\/2020\/05\/schl\u00fcssel-300x200.jpg 300w, https:\/\/constellation-berlin-gmbh.com\/wp-content\/uploads\/2020\/05\/schl\u00fcssel-768x512.jpg 768w, https:\/\/constellation-berlin-gmbh.com\/wp-content\/uploads\/2020\/05\/schl\u00fcssel-1024x683.jpg 1024w\" sizes=\"(max-width: 4608px) 100vw, 4608px\" alt=\"\" \/>\n                      <div class=\"h-image__frame h-hide-lg h-hide-md h-hide-sm style-449-frameImage style-local-72-c7-frameImage\"><\/div>\n                    <\/div>\n                  <\/div>\n                <\/div>\n                <div data-colibri-id=\"72-c8\" class=\"h-text h-text-component style-448 style-local-72-c8 position-relative h-element\">\n                  <!---->\n                  <!---->\n                  <div class=\"\">\n                    <p>Sp\u00e4ter festgestellte Sch\u00e4den betreffen in der Regel nur den K\u00e4ufer.<\/p>\n                    <p>Wir stehen dem K\u00e4ufer und dem Verk\u00e4ufer gerne beratend zur Seite. Eine neutrale Aussage \u00fcber den baulichen Zustand einer Immobilie sowie ein ausf\u00fchrliches Beratung- und Informationsgespr\u00e4ch sind Grundlage vor jedem Kauf einer Immobilie.<\/p>\n                    <p>Durch eine Begehung einer Immobilie und das fr\u00fchzeitige Erkennen von Sch\u00e4den an der Bausubstanz kann das wirtschaftliche Risiko reduziert werden.<\/p>\n                  <\/div>\n                <\/div>\n              <\/div>\n            <\/div>\n          <\/div>\n          <div class=\"h-column h-column-container d-flex h-col-lg-auto h-col-md-auto h-col-auto style-431-outer style-local-72-c9-outer\">\n            <div data-colibri-id=\"72-c9\" class=\"d-flex h-flex-basis h-column__inner h-px-lg-2 h-px-md-2 h-px-2 v-inner-lg-2 v-inner-md-2 v-inner-2 style-431 style-local-72-c9 position-relative\">\n              <!---->\n              <!---->\n              <div class=\"w-100 h-y-container h-column__content h-column__v-align flex-basis-100 align-self-lg-start align-self-md-start align-self-start\">\n                <!---->\n                <div data-colibri-id=\"72-c10\" class=\"h-global-transition-all h-heading style-436 style-local-72-c10 position-relative h-element\">\n                  <!---->\n                  <div class=\"h-heading__outer style-436 style-local-72-c10\">\n                    <!---->\n                    <!---->\n                    <h4 class=\"\">Entwurf, Planung und Ausf\u00fchrung<\/h4>\n                  <\/div>\n                <\/div>\n                <div data-colibri-id=\"72-c11\" class=\"h-text h-text-component style-435 style-local-72-c11 position-relative h-element\">\n                  <!---->\n                  <!---->\n                  <div class=\"\">\n                    <p>Der Schwerpunkt der T\u00e4tigkeit der Constellation Berlin GmbH ist das Bauen in Bestand. Wenn gew\u00fcnscht, kann ein individueller Entwurf bei \u00c4nderungen und dem Dachgeschossausbau angefertigt werden.<\/p>\n                    <p>Dabei ist es unwesentlich, ob ein bestehendes Geb\u00e4ude modernisiert oder ein neuer Entwurf angefertigt werden soll.<\/p>\n                    <p>Entscheidend f\u00fcr jeden Entwurf sind die Gegebenheiten vor Ort.<\/p>\n                    <p>Bauherren, die auf einen anspruchsvollen Entwurf und eine hohe Qualit\u00e4t in der Planung und Ausf\u00fchrung Wert legen, brauchen hierzu mehr Zeit und materielle Aufwendung als f\u00fcr ein herk\u00f6mmliches Standardgeb\u00e4ude.<\/p>\n                    <p>Die Qualit\u00e4t eines Entwurfes liegt in der Klarheit von Form und Zweck. Die Qualit\u00e4t der Planung und Ausf\u00fchrung erkennt der sp\u00e4tere Nutzer auch an den folgenden Energiekosten.<\/p>\n                  <\/div>\n                <\/div>\n                <div data-colibri-id=\"72-c12\" class=\"d-block style-451 style-local-72-c12 position-relative h-element\">\n                  <!---->\n                  <div class=\"h-image__frame-container-outer\">\n                    <div class=\"h-image__frame-container\">\n                      <!---->\n                      <!---->\n                      <img loading=\"lazy\" width=\"851\" height=\"564\" src=\"http:\/\/constellation-berlin-gmbh.com\/wp-content\/uploads\/2020\/05\/Fotolia_37549041_S.jpg\" class=\"wp-image-472 style-451-image style-local-72-c12-image\" srcset=\"https:\/\/constellation-berlin-gmbh.com\/wp-content\/uploads\/2020\/05\/Fotolia_37549041_S.jpg 851w, https:\/\/constellation-berlin-gmbh.com\/wp-content\/uploads\/2020\/05\/Fotolia_37549041_S-300x199.jpg 300w, https:\/\/constellation-berlin-gmbh.com\/wp-content\/uploads\/2020\/05\/Fotolia_37549041_S-768x509.jpg 768w\" sizes=\"(max-width: 851px) 100vw, 851px\" alt=\"\" \/>\n                      <div class=\"h-image__frame h-hide-lg h-hide-md h-hide-sm style-451-frameImage style-local-72-c12-frameImage\"><\/div>\n                    <\/div>\n                  <\/div>\n                <\/div>\n                <div data-colibri-id=\"72-c13\" class=\"h-text h-text-component style-450 style-local-72-c13 position-relative h-element\">\n                  <!---->\n                  <!---->\n                  <div class=\"\">\n                    <p>Grunds\u00e4tzlich gilt: Nur unter Einbeziehung eines Tragwerksplaners, Bauphysikers, Heiz- u. L\u00fcftungs-Ingenieurs, Sanit\u00e4rtechnikers und aller am Bau beteiligten Firmen kann nach heutigen Ma\u00dfst\u00e4ben ein modernes und zeitgem\u00e4\u00dfes Geb\u00e4ude\n                      entstehen.<\/p>\n                    <p>Die Koordination der Planung ist der entscheidende Erfolgsfaktor.<\/p>\n                    <p>\n                      <br>\n                    <\/p>\n                  <\/div>\n                <\/div>\n              <\/div>\n            <\/div>\n          <\/div>\n          <div class=\"h-column h-column-container d-flex h-col-lg-auto h-col-md-auto h-col-auto style-444-outer style-local-72-c14-outer\">\n            <div data-colibri-id=\"72-c14\" class=\"d-flex h-flex-basis h-column__inner h-px-lg-2 h-px-md-2 h-px-2 v-inner-lg-2 v-inner-md-2 v-inner-2 style-444 style-local-72-c14 position-relative\">\n              <!---->\n              <!---->\n              <div class=\"w-100 h-y-container h-column__content h-column__v-align flex-basis-100 align-self-lg-start align-self-md-start align-self-start\">\n                <!---->\n                <div data-colibri-id=\"72-c15\" class=\"h-global-transition-all h-heading style-446 style-local-72-c15 position-relative h-element\">\n                  <!---->\n                  <div class=\"h-heading__outer style-446 style-local-72-c15\">\n                    <!---->\n                    <!---->\n                    <h4 class=\"\">Weitere Serviceleistungen<\/h4>\n                  <\/div>\n                <\/div>\n                <div data-colibri-id=\"72-c16\" class=\"h-text h-text-component style-445 style-local-72-c16 position-relative h-element\">\n                  <!---->\n                  <!---->\n                  <div class=\"\">\n                    <p>&gt; Wir planen die Verbesserung der Energieeffizienz von Geb\u00e4uden. Dazu z\u00e4hlen Massnahmen wie D\u00e4mmung und thermokeramische Beschichtung, W\u00e4rmer\u00fcckgewinnung, Ausstattung des Geb\u00e4udes mit Solarfassaden, oder einem Solarkraftwerk auf\n                      dem Dach und effiziente Beheizung \u00fcber Blockheizkraftwerke.<\/p>\n                    <p>&gt; Erstellung von Energieausweisen f\u00fcr Wohngeb\u00e4ude.<\/p>\n                  <\/div>\n                <\/div>\n                <div data-colibri-id=\"72-c17\" class=\"d-block style-453 style-local-72-c17 position-relative h-element\">\n                  <!---->\n                  <div class=\"h-image__frame-container-outer\">\n                    <div class=\"h-image__frame-container\">\n                      <!---->\n                      <!---->\n                      <img loading=\"lazy\" width=\"582\" height=\"824\" src=\"http:\/\/constellation-berlin-gmbh.com\/wp-content\/uploads\/2020\/05\/Fotolia_35334229_S.jpg\" class=\"wp-image-473 style-453-image style-local-72-c17-image\" srcset=\"https:\/\/constellation-berlin-gmbh.com\/wp-content\/uploads\/2020\/05\/Fotolia_35334229_S.jpg 582w, https:\/\/constellation-berlin-gmbh.com\/wp-content\/uploads\/2020\/05\/Fotolia_35334229_S-212x300.jpg 212w\" sizes=\"(max-width: 582px) 100vw, 582px\" alt=\"\" \/>\n                      <div class=\"h-image__frame h-hide-lg h-hide-md h-hide-sm style-453-frameImage style-local-72-c17-frameImage\"><\/div>\n                    <\/div>\n                  <\/div>\n                <\/div>\n                <div data-colibri-id=\"72-c18\" class=\"h-text h-text-component style-452 style-local-72-c18 position-relative h-element\">\n                  <!---->\n                  <!---->\n                  <div class=\"\">\n                    <p>&gt; Baukontrollen zur Ausf\u00fchrung der vereinbarten Leistungen w\u00e4hrend der Bauarbeiten<\/p>\n                    <p>&gt; Erstellung von Aufmassen<\/p>\n                    <p>&gt; Erstellung von Wohnfl\u00e4chenberechnungen<\/p>\n                    <p>&gt; Feuchtigkeitsmessungen an Bauteilen, wie z.B. dem Kellermauerwerk<\/p>\n                    <p>&gt; Kontrollen des Trocknungsverlaufes von durchfeuchteten Bauteilen, wie z.B. an Decken und Fu\u00dfb\u00f6den<\/p>\n                    <p>&gt; Erstellung von Thermografieaufnahmen und deren Auswertung, das ist sinnvoll z.B. im Zusammenhang mit einer Luftdichtigkeitsmessung der Geb\u00e4ude-H\u00fclle. So k\u00f6nnen Leckagen in der D\u00e4mmung einer Dachkonstruktion ermittelt werden, bevor\n                      die Tragkonstruktion verschlossen wird.<\/p>\n                  <\/div>\n                <\/div>\n                <div data-colibri-id=\"72-c19\" class=\"d-block style-447 style-local-72-c19 position-relative h-element\">\n                  <!---->\n                  <div class=\"h-image__frame-container-outer\">\n                    <div class=\"h-image__frame-container\">\n                      <!---->\n                      <!---->\n                      <img loading=\"lazy\" width=\"849\" height=\"566\" src=\"http:\/\/constellation-berlin-gmbh.com\/wp-content\/uploads\/2020\/05\/Fotolia_39447910_S.jpg\" class=\"wp-image-469 style-447-image style-local-72-c19-image\" srcset=\"https:\/\/constellation-berlin-gmbh.com\/wp-content\/uploads\/2020\/05\/Fotolia_39447910_S.jpg 849w, https:\/\/constellation-berlin-gmbh.com\/wp-content\/uploads\/2020\/05\/Fotolia_39447910_S-300x200.jpg 300w, https:\/\/constellation-berlin-gmbh.com\/wp-content\/uploads\/2020\/05\/Fotolia_39447910_S-768x512.jpg 768w\" sizes=\"(max-width: 849px) 100vw, 849px\" alt=\"\" \/>\n                      <div class=\"h-image__frame h-hide-lg h-hide-md h-hide-sm style-447-frameImage style-local-72-c19-frameImage\"><\/div>\n                    <\/div>\n                  <\/div>\n                <\/div>\n              <\/div>\n            <\/div>\n          <\/div>\n        <\/div>\n      <\/div>\n    <\/div>\n  <\/div>\n  <div data-colibri-component=\"section\" data-colibri-id=\"72-c20\" id=\"custom-3\" class=\"h-section h-section-global-spacing d-flex align-items-lg-center align-items-md-center align-items-center style-440 style-local-72-c20 position-relative\">\n    <!---->\n    <!---->\n    <div class=\"h-section-grid-container h-section-boxed-container\">\n      <!---->\n      <div data-colibri-id=\"72-c21\" class=\"h-row-container gutters-row-lg-2 gutters-row-md-2 gutters-row-0 gutters-row-v-lg-2 gutters-row-v-md-2 gutters-row-v-2 style-441 style-local-72-c21 position-relative\">\n        <!---->\n        <div class=\"h-row justify-content-lg-center justify-content-md-center justify-content-center align-items-lg-stretch align-items-md-stretch align-items-stretch gutters-col-lg-2 gutters-col-md-2 gutters-col-0 gutters-col-v-lg-2 gutters-col-v-md-2 gutters-col-v-2\">\n          <!---->\n          <div class=\"h-column h-column-container d-flex h-col-lg-auto h-col-md-auto h-col-auto style-442-outer style-local-72-c22-outer\">\n            <div data-colibri-id=\"72-c22\" class=\"d-flex h-flex-basis h-column__inner h-ui-empty-state-container h-px-lg-2 h-px-md-2 h-px-2 v-inner-lg-2 v-inner-md-2 v-inner-2 style-442 style-local-72-c22 position-relative\">\n              <!---->\n              <!---->\n              <div class=\"w-100 h-y-container h-column__content h-column__v-align flex-basis-100\">\n                <!---->\n              <\/div>\n            <\/div>\n          <\/div>\n        <\/div>\n      <\/div>\n    <\/div>\n  <\/div>\n<\/div>","protected":false},"excerpt":{"rendered":"<p>Beratung beim Kauf von Immobilien Feuchte W\u00e4nde, maroder Dachstuhl, mangelhafte W\u00e4rmed\u00e4mmung und fehlerhafte Abdichtungen sind manchmal schwer zu erkennen. Wer eine gebrauchte Immobilie kauft, kauft immer das Risiko der Bausch\u00e4den mit. Sp\u00e4ter festgestellte Sch\u00e4den betreffen in der Regel nur den K\u00e4ufer. Wir stehen dem K\u00e4ufer und dem Verk\u00e4ufer gerne beratend zur Seite. Eine neutrale Aussage [&hellip;]<\/p>\n","protected":false},"author":1,"featured_media":0,"parent":0,"menu_order":0,"comment_status":"closed","ping_status":"closed","template":"page-templates\/full-width-page.php","meta":[],"_links":{"self":[{"href":"https:\/\/constellation-berlin-gmbh.com\/index.php?rest_route=\/wp\/v2\/pages\/72"}],"collection":[{"href":"https:\/\/constellation-berlin-gmbh.com\/index.php?rest_route=\/wp\/v2\/pages"}],"about":[{"href":"https:\/\/constellation-berlin-gmbh.com\/index.php?rest_route=\/wp\/v2\/types\/page"}],"author":[{"embeddable":true,"href":"https:\/\/constellation-berlin-gmbh.com\/index.php?rest_route=\/wp\/v2\/users\/1"}],"replies":[{"embeddable":true,"href":"https:\/\/constellation-berlin-gmbh.com\/index.php?rest_route=%2Fwp%2Fv2%2Fcomments&post=72"}],"version-history":[{"count":11,"href":"https:\/\/constellation-berlin-gmbh.com\/index.php?rest_route=\/wp\/v2\/pages\/72\/revisions"}],"predecessor-version":[{"id":1058,"href":"https:\/\/constellation-berlin-gmbh.com\/index.php?rest_route=\/wp\/v2\/pages\/72\/revisions\/1058"}],"wp:attachment":[{"href":"https:\/\/constellation-berlin-gmbh.com\/index.php?rest_route=%2Fwp%2Fv2%2Fmedia&parent=72"}],"curies":[{"name":"wp","href":"https:\/\/api.w.org\/{rel}","templated":true}]}}