{"id":70,"date":"2020-05-21T16:29:31","date_gmt":"2020-05-21T16:29:31","guid":{"rendered":"http:\/\/constellation-berlin-gmbh.com\/?page_id=70"},"modified":"2022-01-23T18:25:09","modified_gmt":"2022-01-23T18:25:09","slug":"ingenieurdesign","status":"publish","type":"page","link":"https:\/\/constellation-berlin-gmbh.com\/?page_id=70","title":{"rendered":"Ingenieurdesign"},"content":{"rendered":"<div data-colibri-id=\"70-c1\" class=\"style-415 style-local-70-c1 position-relative\">\n  <!---->\n  <div data-colibri-component=\"section\" data-colibri-id=\"70-c2\" id=\"custom\" class=\"h-section h-section-global-spacing d-flex align-items-lg-center align-items-md-center align-items-center style-416 style-local-70-c2 position-relative\">\n    <!---->\n    <!---->\n    <div class=\"h-section-grid-container h-section-boxed-container\">\n      <!---->\n      <div data-colibri-id=\"70-c3\" class=\"h-row-container gutters-row-lg-2 gutters-row-md-2 gutters-row-0 gutters-row-v-lg-2 gutters-row-v-md-2 gutters-row-v-3 style-417 style-local-70-c3 position-relative\">\n        <!---->\n        <div class=\"h-row justify-content-lg-center justify-content-md-center justify-content-center align-items-lg-stretch align-items-md-stretch align-items-stretch gutters-col-lg-2 gutters-col-md-2 gutters-col-0 gutters-col-v-lg-2 gutters-col-v-md-2 gutters-col-v-3\">\n          <!---->\n          <div class=\"h-column h-column-container d-flex h-col-lg-auto h-col-md-auto h-col-auto style-418-outer style-local-70-c4-outer\">\n            <div data-colibri-id=\"70-c4\" class=\"d-flex h-flex-basis h-column__inner h-px-lg-3 h-px-md-3 h-px-3 v-inner-lg-3 v-inner-md-3 v-inner-3 style-418 style-local-70-c4 position-relative\">\n              <!---->\n              <!---->\n              <div class=\"w-100 h-y-container h-column__content h-column__v-align flex-basis-100 align-self-lg-start align-self-md-start align-self-start\">\n                <!---->\n                <div data-colibri-id=\"70-c5\" class=\"h-text h-text-component style-420 style-local-70-c5 position-relative h-element\">\n                  <!---->\n                  <!---->\n                  <div class=\"\">\n                    <p>Im Bereich Ingenieurdesign bieten wir an:<\/p>\n                    <p>&gt; Entwicklung von hocheffizienten Pumpen<\/p>\n                    <p>&gt; Entwicklung von Blockheizkraftwerken f\u00fcr die Beheizung von Geb\u00e4uden und Stromerzeugung<\/p>\n                    <p><span style=\"color: rgb(1, 51, 74); font-family: &quot;Open Sans&quot;; font-size: 16px; font-weight: 600;\">&gt;\tSolarkraftanlagen f\u00fcr Aufbau auf dem Dach oder Fassaden von Geb\u00e4uden<\/span><\/p>\n                    <p>\n                      <br>\n                    <\/p>\n                    <p>Constellation Berlin GmbH ist&nbsp;erfolgreich seit 2000.<\/p>\n                    <p><span style=\"color: rgb(1, 51, 74); font-family: &quot;Open Sans&quot;; font-size: 16px; font-weight: 600;\">Lassen Sie uns ein Angebot f\u00fcr Sie erstellen!<\/span><\/p>\n                  <\/div>\n                <\/div>\n                <div data-colibri-id=\"70-c6\" class=\"h-x-container style-422 style-local-70-c6 position-relative h-element\">\n                  <!---->\n                  <div class=\"h-x-container-inner style-dynamic-70-c6-group style-422-spacing style-local-70-c6-spacing\"><span class=\"h-link__outer style-423-outer style-local-70-c7-outer d-inline-flex h-element\"><a h-use-smooth-scroll=\"true\" href=\"http:\/\/constellation-berlin-gmbh.com\/?page_id=76\"  data-colibri-id=\"70-c7\" class=\"d-flex w-100 align-items-center h-link style-423 style-local-70-c7 position-relative\"><!----><span  class=\"h-svg-icon h-link__icon style-423-icon style-local-70-c7-icon\"><!--Icon by Icons8 Line Awesome (https:\/\/icons8.com\/line-awesome)--><svg version=\"1.1\" xmlns=\"http:\/\/www.w3.org\/2000\/svg\" xmlns:xlink=\"http:\/\/www.w3.org\/1999\/xlink\" id=\"angle-double-right\" viewBox=\"0 0 512 545.5\"><path d=\"M145.5 108.5l168 168L325 288l-11.5 11.5-168 168-22.5-23L279.5 288 123 131.5zm112 0l168 168L437 288l-11.5 11.5-168 168-22.5-23L391.5 288 235 131.5z\"><\/path><\/svg><\/span>                    <span>Kontakt<\/span><\/a>\n                    <\/span>\n                  <\/div>\n                <\/div>\n              <\/div>\n            <\/div>\n          <\/div>\n          <div class=\"h-column h-column-container d-flex h-col-lg-auto h-col-md-auto h-col-auto style-419-outer style-local-70-c8-outer\">\n            <div data-colibri-id=\"70-c8\" class=\"d-flex h-flex-basis h-column__inner h-px-lg-3 h-px-md-3 h-px-3 v-inner-lg-3 v-inner-md-3 v-inner-3 style-419 style-local-70-c8 position-relative\">\n              <!---->\n              <!---->\n              <div class=\"w-100 h-y-container h-column__content h-column__v-align flex-basis-100 align-self-lg-center align-self-md-center align-self-center\">\n                <!---->\n                <div data-colibri-id=\"70-c9\" class=\"d-block style-421 style-local-70-c9 position-relative h-element\">\n                  <!---->\n                  <div class=\"h-image__frame-container-outer\">\n                    <div class=\"h-image__frame-container\">\n                      <!---->\n                      <!---->\n                      <img loading=\"lazy\" width=\"3007\" height=\"4510\" src=\"http:\/\/constellation-berlin-gmbh.com\/wp-content\/uploads\/2020\/05\/silber_rohre.jpg\" class=\"wp-image-904 style-421-image style-local-70-c9-image\" srcset=\"https:\/\/constellation-berlin-gmbh.com\/wp-content\/uploads\/2020\/05\/silber_rohre.jpg 3007w, https:\/\/constellation-berlin-gmbh.com\/wp-content\/uploads\/2020\/05\/silber_rohre-200x300.jpg 200w, https:\/\/constellation-berlin-gmbh.com\/wp-content\/uploads\/2020\/05\/silber_rohre-768x1152.jpg 768w, https:\/\/constellation-berlin-gmbh.com\/wp-content\/uploads\/2020\/05\/silber_rohre-683x1024.jpg 683w\" sizes=\"(max-width: 3007px) 100vw, 3007px\" alt=\"\" \/>\n                      <div class=\"h-image__frame h-hide-lg h-hide-md h-hide-sm style-421-frameImage style-local-70-c9-frameImage\"><\/div>\n                    <\/div>\n                  <\/div>\n                <\/div>\n              <\/div>\n            <\/div>\n          <\/div>\n        <\/div>\n      <\/div>\n    <\/div>\n  <\/div>\n  <div data-colibri-component=\"section\" data-colibri-id=\"70-c10\" id=\"custom-2\" class=\"h-section h-section-global-spacing d-flex align-items-lg-center align-items-md-center align-items-center style-424 style-local-70-c10 position-relative\">\n    <!---->\n    <!---->\n    <div class=\"h-section-grid-container h-section-boxed-container\">\n      <!---->\n      <div data-colibri-id=\"70-c11\" class=\"h-row-container gutters-row-lg-2 gutters-row-md-2 gutters-row-0 gutters-row-v-lg-2 gutters-row-v-md-2 gutters-row-v-2 style-425 style-local-70-c11 position-relative\">\n        <!---->\n        <div class=\"h-row justify-content-lg-center justify-content-md-center justify-content-center align-items-lg-stretch align-items-md-stretch align-items-stretch gutters-col-lg-2 gutters-col-md-2 gutters-col-0 gutters-col-v-lg-2 gutters-col-v-md-2 gutters-col-v-2\">\n          <!---->\n          <div class=\"h-column h-column-container d-flex h-col-lg-auto h-col-md-auto h-col-auto style-426-outer style-local-70-c12-outer\">\n            <div data-colibri-id=\"70-c12\" class=\"d-flex h-flex-basis h-column__inner h-ui-empty-state-container h-px-lg-2 h-px-md-2 h-px-2 v-inner-lg-2 v-inner-md-2 v-inner-2 style-426 style-local-70-c12 position-relative\">\n              <!---->\n              <!---->\n              <div class=\"w-100 h-y-container h-column__content h-column__v-align flex-basis-100\">\n                <!---->\n              <\/div>\n            <\/div>\n          <\/div>\n        <\/div>\n      <\/div>\n    <\/div>\n  <\/div>\n<\/div>","protected":false},"excerpt":{"rendered":"<p>Im Bereich Ingenieurdesign bieten wir an: &gt; Entwicklung von hocheffizienten Pumpen &gt; Entwicklung von Blockheizkraftwerken f\u00fcr die Beheizung von Geb\u00e4uden und Stromerzeugung &gt; Solarkraftanlagen f\u00fcr Aufbau auf dem Dach oder Fassaden von Geb\u00e4uden Constellation Berlin GmbH ist&nbsp;erfolgreich seit 2000. Lassen Sie uns ein Angebot f\u00fcr Sie erstellen! Kontakt<\/p>\n","protected":false},"author":1,"featured_media":0,"parent":0,"menu_order":0,"comment_status":"closed","ping_status":"closed","template":"page-templates\/full-width-page.php","meta":[],"_links":{"self":[{"href":"https:\/\/constellation-berlin-gmbh.com\/index.php?rest_route=\/wp\/v2\/pages\/70"}],"collection":[{"href":"https:\/\/constellation-berlin-gmbh.com\/index.php?rest_route=\/wp\/v2\/pages"}],"about":[{"href":"https:\/\/constellation-berlin-gmbh.com\/index.php?rest_route=\/wp\/v2\/types\/page"}],"author":[{"embeddable":true,"href":"https:\/\/constellation-berlin-gmbh.com\/index.php?rest_route=\/wp\/v2\/users\/1"}],"replies":[{"embeddable":true,"href":"https:\/\/constellation-berlin-gmbh.com\/index.php?rest_route=%2Fwp%2Fv2%2Fcomments&post=70"}],"version-history":[{"count":12,"href":"https:\/\/constellation-berlin-gmbh.com\/index.php?rest_route=\/wp\/v2\/pages\/70\/revisions"}],"predecessor-version":[{"id":1037,"href":"https:\/\/constellation-berlin-gmbh.com\/index.php?rest_route=\/wp\/v2\/pages\/70\/revisions\/1037"}],"wp:attachment":[{"href":"https:\/\/constellation-berlin-gmbh.com\/index.php?rest_route=%2Fwp%2Fv2%2Fmedia&parent=70"}],"curies":[{"name":"wp","href":"https:\/\/api.w.org\/{rel}","templated":true}]}}